{"id":2069,"date":"2021-06-16T13:48:33","date_gmt":"2021-06-16T13:48:33","guid":{"rendered":"https:\/\/comapa.dmeat.cl\/condiciones-de-uso\/"},"modified":"2024-05-22T14:19:57","modified_gmt":"2024-05-22T14:19:57","slug":"terms-of-use","status":"publish","type":"page","link":"https:\/\/www.comapa.com\/en\/terms-of-use\/","title":{"rendered":"Terms of use"},"content":{"rendered":"<p>Terms of use.Al acceder al sitio www.comapa.com el usuario est\u00e1 aceptando y reconoce que ha revisado y est\u00e1 de acuerdo con su Pol\u00edtica de Privacidad. Turismo Comapa se reserva el derecho a modificar la presente pol\u00edtica de privacidad y ser\u00e1 responsabilidad del usuario la lectura y acatamiento de esta cada vez que ingrese al sitio..Cuando usted visita nuestra p\u00e1gina, Turismo Comapa Ltda. recopila informaci\u00f3n estad\u00edstica de los usuarios y\/o visitantes que hagan uso de este portal. Esto puede ser a trav\u00e9s de procesos inform\u00e1ticos para realizar registros de actividades (patrones de actividad, navegaci\u00f3n y audiencia). Para ello no ser\u00e1 necesaria la identificaci\u00f3n personal de usuarios y\/o visitantes. A partir de estos datos, Turismo Comapa Ltda., propietaria del sitio, provee servicios cada vez m\u00e1s adaptados a sus necesidades y requerimientos. Cualquier informaci\u00f3n proporcionada por Ud. v\u00eda un email o formulario de contacto, es conservada con la finalidad de manejar el detalle de nuestras comunicaciones con Ud., as\u00ed como recordarle alg\u00fan tema que hayamos tratado en alg\u00fan momento. Adem\u00e1s, todos los datos que fueran solicitados (nombre completo, nacionalidad, domicilio, tel\u00e9fono, e-mail, fecha de nacimiento, n\u00famero de c\u00e9dula de identidad o pasaporte, entre otros) son utilizados por Turismo Comapa Ltda. para asegurar que su compra se realice correctamente. Adem\u00e1s, ello permitir\u00e1 avisarle respecto de eventuales cambios de \u00faltima hora en su plan de viaje o cualquier otra informaci\u00f3n relevante relacionada con el mismo. Turismo Comapa Ltda. velar\u00e1 siempre por la privacidad de sus datos. La informaci\u00f3n de su tarjeta de cr\u00e9dito no es almacenada en nuestros servidores y es utilizada exclusivamente al momento de su compra..Turismo Comapa Ltda. no comparte ni entrega la informaci\u00f3n personal de sus clientes. Solamente se comparte informaci\u00f3n con las empresas que proveer\u00e1n los servicios contratados por Ud. (servicios de alojamiento, transporte, excursiones, servicios de alimentaci\u00f3n, entre otros), a fin de que Ud. reciba los productos y servicios contratados as\u00ed como las informaciones espec\u00edficas que Ud. haya solicitado..Todos los derechos referidos a www.comapa.com y sus contenidos, incluidos los de propiedad intelectual, pertenecen a Turismo Comapa Ltda. o a empresas proveedoras de servicios que han autorizado su uso. Al acceder al sitio, el visitante tendr\u00e1 derecho a revisar toda la informaci\u00f3n que est\u00e9 disponible en \u00e9l y reconoce nuestros derechos sobre todo la informaci\u00f3n disponible en \u00e9l. A menos que se estipule en otras secciones de las presente Pol\u00edtica, usted no deber\u00e1 copiar, modificar, manipular, publicar, dar licencia o crear trabajos derivados de la informaci\u00f3n obtenida a trav\u00e9s de este sitio Web. Donde quiera que se permita expresamente copiar o transmitir esta informaci\u00f3n, usted no deber\u00e1 exhibir atribuci\u00f3n de autor\u00eda o aviso de derecho de autor alguno. Turismo Comapa Ltda. no se hace responsable por la veracidad o exactitud de la informaci\u00f3n contenida en los enlaces a otros sitios web o que haya sido entregada por terceros. Todas las otras marcas comerciales que no son de propiedad de Turismo Comapa Ltda. son de propiedad de sus respectivos due\u00f1os, que pueden o no estar afiliados, conectados o auspiciados por Turismo Comapa Ltda.<\/p>\n","protected":false},"excerpt":{"rendered":"<p>Terms of use.Al acceder al sitio www.comapa.com el usuario est\u00e1 aceptando y reconoce que ha revisado y est\u00e1 de acuerdo con su Pol\u00edtica de Privacidad. Turismo Comapa se reserva el derecho a modificar la presente pol\u00edtica de privacidad y ser\u00e1 responsabilidad del usuario la lectura y acatamiento de esta cada vez que ingrese al sitio..Cuando [&hellip;]<\/p>\n","protected":false},"author":1,"featured_media":0,"parent":0,"menu_order":0,"comment_status":"closed","ping_status":"closed","template":"page-template","meta":{"_joinchat":[],"footnotes":""},"class_list":["post-2069","page","type-page","status-publish","hentry"],"acf":[],"yoast_head":"<!-- This site is optimized with the Yoast SEO plugin v25.6 - https:\/\/yoast.com\/wordpress\/plugins\/seo\/ -->\r\n<title>Terms of use - Comapa<\/title>\r\n<meta name=\"robots\" content=\"index, follow, max-snippet:-1, max-image-preview:large, max-video-preview:-1\" \/>\r\n<link rel=\"canonical\" href=\"https:\/\/www.comapa.com\/en\/terms-of-use\/\" \/>\r\n<meta property=\"og:locale\" content=\"en_US\" \/>\r\n<meta property=\"og:type\" content=\"article\" \/>\r\n<meta property=\"og:title\" content=\"Terms of use - Comapa\" \/>\r\n<meta property=\"og:description\" content=\"Terms of use.Al acceder al sitio www.comapa.com el usuario est\u00e1 aceptando y reconoce que ha revisado y est\u00e1 de acuerdo con su Pol\u00edtica de Privacidad. Turismo Comapa se reserva el derecho a modificar la presente pol\u00edtica de privacidad y ser\u00e1 responsabilidad del usuario la lectura y acatamiento de esta cada vez que ingrese al sitio..Cuando [&hellip;]\" \/>\r\n<meta property=\"og:url\" content=\"https:\/\/www.comapa.com\/en\/terms-of-use\/\" \/>\r\n<meta property=\"og:site_name\" content=\"Comapa\" \/>\r\n<meta property=\"article:modified_time\" content=\"2024-05-22T14:19:57+00:00\" \/>\r\n<meta name=\"twitter:card\" content=\"summary_large_image\" \/>\r\n<meta name=\"twitter:label1\" content=\"Est. reading time\" \/>\n\t<meta name=\"twitter:data1\" content=\"3 minutes\" \/>\r\n<script type=\"application\/ld+json\" class=\"yoast-schema-graph\">{\"@context\":\"https:\/\/schema.org\",\"@graph\":[{\"@type\":\"WebPage\",\"@id\":\"https:\/\/www.comapa.com\/en\/terms-of-use\/\",\"url\":\"https:\/\/www.comapa.com\/en\/terms-of-use\/\",\"name\":\"Terms of use - Comapa\",\"isPartOf\":{\"@id\":\"https:\/\/www.comapa.com\/#website\"},\"datePublished\":\"2021-06-16T13:48:33+00:00\",\"dateModified\":\"2024-05-22T14:19:57+00:00\",\"inLanguage\":\"en-US\",\"potentialAction\":[{\"@type\":\"ReadAction\",\"target\":[\"https:\/\/www.comapa.com\/en\/terms-of-use\/\"]}]},{\"@type\":\"WebSite\",\"@id\":\"https:\/\/www.comapa.com\/#website\",\"url\":\"https:\/\/www.comapa.com\/\",\"name\":\"Comapa\",\"description\":\"Chile travel\",\"potentialAction\":[{\"@type\":\"SearchAction\",\"target\":{\"@type\":\"EntryPoint\",\"urlTemplate\":\"https:\/\/www.comapa.com\/?s={search_term_string}\"},\"query-input\":{\"@type\":\"PropertyValueSpecification\",\"valueRequired\":true,\"valueName\":\"search_term_string\"}}],\"inLanguage\":\"en-US\"}]}<\/script>\r\n<!-- \/ Yoast SEO plugin. -->","yoast_head_json":{"title":"Terms of use - Comapa","robots":{"index":"index","follow":"follow","max-snippet":"max-snippet:-1","max-image-preview":"max-image-preview:large","max-video-preview":"max-video-preview:-1"},"canonical":"https:\/\/www.comapa.com\/en\/terms-of-use\/","og_locale":"en_US","og_type":"article","og_title":"Terms of use - Comapa","og_description":"Terms of use.Al acceder al sitio www.comapa.com el usuario est\u00e1 aceptando y reconoce que ha revisado y est\u00e1 de acuerdo con su Pol\u00edtica de Privacidad. Turismo Comapa se reserva el derecho a modificar la presente pol\u00edtica de privacidad y ser\u00e1 responsabilidad del usuario la lectura y acatamiento de esta cada vez que ingrese al sitio..Cuando [&hellip;]","og_url":"https:\/\/www.comapa.com\/en\/terms-of-use\/","og_site_name":"Comapa","article_modified_time":"2024-05-22T14:19:57+00:00","twitter_card":"summary_large_image","twitter_misc":{"Est. reading time":"3 minutes"},"schema":{"@context":"https:\/\/schema.org","@graph":[{"@type":"WebPage","@id":"https:\/\/www.comapa.com\/en\/terms-of-use\/","url":"https:\/\/www.comapa.com\/en\/terms-of-use\/","name":"Terms of use - Comapa","isPartOf":{"@id":"https:\/\/www.comapa.com\/#website"},"datePublished":"2021-06-16T13:48:33+00:00","dateModified":"2024-05-22T14:19:57+00:00","inLanguage":"en-US","potentialAction":[{"@type":"ReadAction","target":["https:\/\/www.comapa.com\/en\/terms-of-use\/"]}]},{"@type":"WebSite","@id":"https:\/\/www.comapa.com\/#website","url":"https:\/\/www.comapa.com\/","name":"Comapa","description":"Chile travel","potentialAction":[{"@type":"SearchAction","target":{"@type":"EntryPoint","urlTemplate":"https:\/\/www.comapa.com\/?s={search_term_string}"},"query-input":{"@type":"PropertyValueSpecification","valueRequired":true,"valueName":"search_term_string"}}],"inLanguage":"en-US"}]}},"_links":{"self":[{"href":"https:\/\/www.comapa.com\/en\/wp-json\/wp\/v2\/pages\/2069","targetHints":{"allow":["GET"]}}],"collection":[{"href":"https:\/\/www.comapa.com\/en\/wp-json\/wp\/v2\/pages"}],"about":[{"href":"https:\/\/www.comapa.com\/en\/wp-json\/wp\/v2\/types\/page"}],"author":[{"embeddable":true,"href":"https:\/\/www.comapa.com\/en\/wp-json\/wp\/v2\/users\/1"}],"replies":[{"embeddable":true,"href":"https:\/\/www.comapa.com\/en\/wp-json\/wp\/v2\/comments?post=2069"}],"version-history":[{"count":12,"href":"https:\/\/www.comapa.com\/en\/wp-json\/wp\/v2\/pages\/2069\/revisions"}],"predecessor-version":[{"id":10568,"href":"https:\/\/www.comapa.com\/en\/wp-json\/wp\/v2\/pages\/2069\/revisions\/10568"}],"wp:attachment":[{"href":"https:\/\/www.comapa.com\/en\/wp-json\/wp\/v2\/media?parent=2069"}],"curies":[{"name":"wp","href":"https:\/\/api.w.org\/{rel}","templated":true}]}}